{"id":8217,"date":"2023-12-06T16:07:26","date_gmt":"2023-12-06T15:07:26","guid":{"rendered":"https:\/\/knivsberg.dk\/det-tyske-mindretal-i-soenderjylland\/"},"modified":"2025-01-16T12:20:26","modified_gmt":"2025-01-16T11:20:26","slug":"det-tyske-mindretal-i-soenderjylland","status":"publish","type":"page","link":"https:\/\/knivsberg.dk\/da\/det-tyske-mindretal-i-soenderjylland\/","title":{"rendered":"Det tyske mindretal"},"content":{"rendered":"<p>[et_pb_section fb_built=&#8221;1&#8243; custom_padding_last_edited=&#8221;on|phone&#8221; admin_label=&#8221;Header&#8221; _builder_version=&#8221;4.24.2&#8243; _module_preset=&#8221;default&#8221; background_image=&#8221;https:\/\/knivsberg.dk\/wp-content\/uploads\/2023\/12\/kreaworkshop-scaled.jpg&#8221; background_position=&#8221;center_right&#8221; custom_padding=&#8221;4px||4px||true|false&#8221; custom_padding_tablet=&#8221;100px||100px||true|false&#8221; custom_padding_phone=&#8221;80px||80px||true|false&#8221; locked=&#8221;off&#8221; global_colors_info=&#8221;{}&#8221;][et_pb_row _builder_version=&#8221;4.23.1&#8243; _module_preset=&#8221;default&#8221; width=&#8221;100%&#8221; max_width=&#8221;1370px&#8221; global_colors_info=&#8221;{}&#8221;][et_pb_column type=&#8221;4_4&#8243; _builder_version=&#8221;4.16&#8243; _module_preset=&#8221;default&#8221; global_colors_info=&#8221;{}&#8221;][et_pb_slider _builder_version=&#8221;4.27.4&#8243; _module_preset=&#8221;default&#8221; custom_padding=&#8221;116px||50px|||&#8221; hover_enabled=&#8221;0&#8243; global_colors_info=&#8221;{}&#8221; sticky_enabled=&#8221;0&#8243;][et_pb_slide heading=&#8221;Det tyske mindretal&#8221; use_text_overlay=&#8221;on&#8221; _builder_version=&#8221;4.27.4&#8243; _module_preset=&#8221;default&#8221; header_level=&#8221;h1&#8243; header_font=&#8221;Playfair Display||||||||&#8221; header_font_size=&#8221;75px&#8221; background_color=&#8221;RGBA(255,255,255,0)&#8221; background_enable_color=&#8221;on&#8221; background_enable_image=&#8221;off&#8221; custom_button=&#8221;on&#8221; button_text_color=&#8221;#FFFFFF&#8221; button_bg_color=&#8221;#0063EA&#8221; button_border_color=&#8221;RGBA(255,255,255,0)&#8221; button_border_radius=&#8221;14px&#8221; hover_enabled=&#8221;0&#8243; header_font_size_tablet=&#8221;75px&#8221; header_font_size_phone=&#8221;30px&#8221; header_font_size_last_edited=&#8221;on|phone&#8221; global_colors_info=&#8221;{}&#8221; sticky_transition=&#8221;on&#8221; sticky_enabled=&#8221;0&#8243;]<\/p>\n<p>i Danmark\u00a0<\/p>\n<p>[\/et_pb_slide][\/et_pb_slider][\/et_pb_column][\/et_pb_row][\/et_pb_section][et_pb_section fb_built=&#8221;1&#8243; admin_label=&#8221;Feature&#8221; _builder_version=&#8221;4.16&#8243; _module_preset=&#8221;default&#8221; locked=&#8221;off&#8221; global_colors_info=&#8221;{}&#8221;][et_pb_row _builder_version=&#8221;4.23.1&#8243; _module_preset=&#8221;default&#8221; global_colors_info=&#8221;{}&#8221;][et_pb_column type=&#8221;4_4&#8243; _builder_version=&#8221;4.23.1&#8243; _module_preset=&#8221;default&#8221; global_colors_info=&#8221;{}&#8221;][et_pb_text _builder_version=&#8221;4.27.4&#8243; _module_preset=&#8221;default&#8221; hover_enabled=&#8221;0&#8243; global_colors_info=&#8221;{}&#8221; sticky_enabled=&#8221;0&#8243;]<\/p>\n<p>Det tyske mindretal i S\u00f8nderjylland er Danmarks eneste nationale mindretal. Et nationalt mindretal, er et mindretal der ikke er opst\u00e5et igennem indvandring. Det tyske mindretal har historisk hjemme i netop denne region, som engang var tysk.<\/p>\n<p><span>Med folkeafstemningen og en ny gr\u00e6nsedragning i 1920 blev det tyske mindretal &#8220;f\u00f8dt&#8221;. De mennesker, der boede p\u00e5 den nordlige del af den nye gr\u00e6nse, og som f\u00f8lte sig tyske, var nu et mindretal &#8211; for nu h\u00f8rte denne region til Danmark. P\u00e5 samme m\u00e5de opstod der et dansk mindretal p\u00e5 den anden side af gr\u00e6nsen, i Tyskland. Man antager, at ca. 15.000 mennesker h\u00f8rer til det tyske mindretal. I S\u00f8nderjylland bor der i alt 250.000 mennesker. Vi driver vores egne b\u00f8rnehaver, skoler og biblioteker, laver kirkeligt og socialt arbejde, har et tysk mediehus og tilbyder sportslige og kulturelle aktiviteter i mange klubber. Vi opretholder et godt og tillidsfuldt forhold til den danske flertalsbefolkning og ser os selv som brobyggere mellem tyskere og danskere. Vi bidrager til den kulturelle og sproglige mangfoldighed i det tysk-danske gr\u00e6nseland.<\/span><\/p>\n<p>&nbsp;<\/p>\n<p>[\/et_pb_text][et_pb_text _builder_version=&#8221;4.27.4&#8243; _module_preset=&#8221;default&#8221; hover_enabled=&#8221;0&#8243; sticky_enabled=&#8221;0&#8243;]<\/p>\n<p><iframe loading=\"lazy\" title=\"Det tyske mindretal i Nordslesvig \u2013 Fra begyndelsen\" src=\"https:\/\/player.vimeo.com\/video\/1045272688?dnt=1&amp;app_id=122963\" width=\"1080\" height=\"608\" frameborder=\"0\" allow=\"autoplay; fullscreen; picture-in-picture; clipboard-write; encrypted-media\"><\/iframe><\/p>\n<p>[\/et_pb_text][et_pb_button button_url=&#8221;http:\/\/www.nordschleswig.dk&#8221; url_new_window=&#8221;on&#8221; button_text=&#8221;Videre til Nordschleswig.dk&#8221; _builder_version=&#8221;4.23.1&#8243; _module_preset=&#8221;default&#8221; global_colors_info=&#8221;{}&#8221;][\/et_pb_button][\/et_pb_column][\/et_pb_row][et_pb_row _builder_version=&#8221;4.23.1&#8243; _module_preset=&#8221;default&#8221; global_colors_info=&#8221;{}&#8221;][et_pb_column type=&#8221;4_4&#8243; _builder_version=&#8221;4.23.1&#8243; _module_preset=&#8221;default&#8221; global_colors_info=&#8221;{}&#8221;][et_pb_text _builder_version=&#8221;4.23.1&#8243; _module_preset=&#8221;default&#8221; global_colors_info=&#8221;{}&#8221;]<\/p>\n<p><iframe loading=\"lazy\" title=\"\u201eWillkommen in der deutschen Minderheit in Nordschleswig\u201c\" src=\"https:\/\/player.vimeo.com\/video\/786287735?dnt=1&amp;app_id=122963\" width=\"1080\" height=\"608\" frameborder=\"0\" allow=\"autoplay; fullscreen; picture-in-picture; clipboard-write\"><\/iframe><\/p>\n<p>[\/et_pb_text][\/et_pb_column][\/et_pb_row][\/et_pb_section]<\/p>\n","protected":false},"excerpt":{"rendered":"<p>i Danmark\u00a0Det tyske mindretal i S\u00f8nderjylland er Danmarks eneste nationale mindretal. Et nationalt mindretal, er et mindretal der ikke er opst\u00e5et igennem indvandring. Det tyske mindretal har historisk hjemme i netop denne region, som engang var tysk. Med folkeafstemningen og en ny gr\u00e6nsedragning i 1920 blev det tyske mindretal &#8220;f\u00f8dt&#8221;. De mennesker, der boede p\u00e5 [&hellip;]<\/p>\n","protected":false},"author":3,"featured_media":7809,"parent":0,"menu_order":0,"comment_status":"closed","ping_status":"closed","template":"","meta":{"_et_pb_use_builder":"on","_et_pb_old_content":"","_et_gb_content_width":"","footnotes":""},"class_list":["post-8217","page","type-page","status-publish","has-post-thumbnail","hentry"],"_links":{"self":[{"href":"https:\/\/knivsberg.dk\/da\/wp-json\/wp\/v2\/pages\/8217","targetHints":{"allow":["GET"]}}],"collection":[{"href":"https:\/\/knivsberg.dk\/da\/wp-json\/wp\/v2\/pages"}],"about":[{"href":"https:\/\/knivsberg.dk\/da\/wp-json\/wp\/v2\/types\/page"}],"author":[{"embeddable":true,"href":"https:\/\/knivsberg.dk\/da\/wp-json\/wp\/v2\/users\/3"}],"replies":[{"embeddable":true,"href":"https:\/\/knivsberg.dk\/da\/wp-json\/wp\/v2\/comments?post=8217"}],"version-history":[{"count":5,"href":"https:\/\/knivsberg.dk\/da\/wp-json\/wp\/v2\/pages\/8217\/revisions"}],"predecessor-version":[{"id":8549,"href":"https:\/\/knivsberg.dk\/da\/wp-json\/wp\/v2\/pages\/8217\/revisions\/8549"}],"wp:featuredmedia":[{"embeddable":true,"href":"https:\/\/knivsberg.dk\/da\/wp-json\/wp\/v2\/media\/7809"}],"wp:attachment":[{"href":"https:\/\/knivsberg.dk\/da\/wp-json\/wp\/v2\/media?parent=8217"}],"curies":[{"name":"wp","href":"https:\/\/api.w.org\/{rel}","templated":true}]}}