{"id":8186,"date":"2024-01-19T11:12:26","date_gmt":"2024-01-19T10:12:26","guid":{"rendered":"https:\/\/knivsberg.dk\/bruecke\/"},"modified":"2026-04-13T07:03:02","modified_gmt":"2026-04-13T05:03:02","slug":"bruecke","status":"publish","type":"page","link":"https:\/\/knivsberg.dk\/da\/bruecke\/","title":{"rendered":"Br\u00fccke"},"content":{"rendered":"<p>[et_pb_section fb_built=&#8221;1&#8243; custom_padding_last_edited=&#8221;on|phone&#8221; admin_label=&#8221;Header&#8221; _builder_version=&#8221;4.24.2&#8243; _module_preset=&#8221;default&#8221; background_image=&#8221;https:\/\/knivsberg.dk\/wp-content\/uploads\/2023\/12\/XA4A0001-scaled.jpg&#8221; background_position=&#8221;center_right&#8221; custom_padding=&#8221;120px||120px||true|false&#8221; custom_padding_tablet=&#8221;100px||100px||true|false&#8221; custom_padding_phone=&#8221;80px||80px||true|false&#8221; locked=&#8221;off&#8221; global_colors_info=&#8221;{}&#8221;][et_pb_row _builder_version=&#8221;4.23.1&#8243; _module_preset=&#8221;default&#8221; global_colors_info=&#8221;{}&#8221;][et_pb_column type=&#8221;4_4&#8243; _builder_version=&#8221;4.16&#8243; _module_preset=&#8221;default&#8221; global_colors_info=&#8221;{}&#8221;][et_pb_text _builder_version=&#8221;4.24.0&#8243; _module_preset=&#8221;d72c0383-6487-4f2c-ac5c-7d48a6376757&#8243; header_font=&#8221;Playfair Display||||||||&#8221; header_text_color=&#8221;#FFFFFF&#8221; header_font_size=&#8221;100px&#8221; animation_direction=&#8221;top&#8221; header_font_size_tablet=&#8221;10vw&#8221; header_font_size_phone=&#8221;&#8221; header_font_size_last_edited=&#8221;on|phone&#8221; global_colors_info=&#8221;{}&#8221;]<\/p>\n<h1 style=\"text-align: center;\">Die Br\u00fccke<\/h1>\n<p>[\/et_pb_text][\/et_pb_column][\/et_pb_row][\/et_pb_section][et_pb_section fb_built=&#8221;1&#8243; admin_label=&#8221;Feature&#8221; _builder_version=&#8221;4.16&#8243; _module_preset=&#8221;default&#8221; locked=&#8221;off&#8221; global_colors_info=&#8221;{}&#8221;][et_pb_row _builder_version=&#8221;4.23.1&#8243; _module_preset=&#8221;default&#8221; global_colors_info=&#8221;{}&#8221;][et_pb_column type=&#8221;4_4&#8243; _builder_version=&#8221;4.23.1&#8243; _module_preset=&#8221;default&#8221; global_colors_info=&#8221;{}&#8221;][et_pb_text _builder_version=&#8221;4.24.0&#8243; _module_preset=&#8221;default&#8221; custom_padding=&#8221;||13px|||&#8221; global_colors_info=&#8221;{}&#8221;]<\/p>\n<h2 class=\"Seeems-Text-Heading\">Br\u00fccke 2025<\/h2>\n<p>F\u00e5 h\u00e6ftet &#8220;Br\u00fccke&#8221; personligt indenfor vores \u00e5bningstider.<a href=\"https:\/\/knivsberg.dk\/wp-content\/uploads\/2024\/12\/Bruecke_mobil_2025.pdf\"> Her er den digitale version (tysk).<\/a><\/p>\n<p>[\/et_pb_text][et_pb_image src=&#8221;https:\/\/knivsberg.dk\/wp-content\/uploads\/2025\/12\/Bruecke_26_Cover.png&#8221; title_text=&#8221;Br\u00fccke_26_Cover&#8221; url=&#8221;https:\/\/knivsberg.dk\/wp-content\/uploads\/2026\/03\/Jahresprogramm2026_MOBIL.pdf&#8221; url_new_window=&#8221;on&#8221; _builder_version=&#8221;4.27.6&#8243; _module_preset=&#8221;default&#8221; hover_enabled=&#8221;0&#8243; global_colors_info=&#8221;{}&#8221; alt=&#8221;Cover der Br\u00fccke 2026 &#8211; Jahresprogramm der Bildungsst\u00e4tte Knivsberg&#8221; width=&#8221;42%&#8221; sticky_enabled=&#8221;0&#8243;][\/et_pb_image][\/et_pb_column][\/et_pb_row][\/et_pb_section][et_pb_section fb_built=&#8221;1&#8243; _builder_version=&#8221;4.23.1&#8243; _module_preset=&#8221;default&#8221; background_color=&#8221;#1e55c7&#8243; global_colors_info=&#8221;{}&#8221;][et_pb_row column_structure=&#8221;1_4,1_4,1_4,1_4&#8243; _builder_version=&#8221;4.22.2&#8243; _module_preset=&#8221;default&#8221; global_colors_info=&#8221;{}&#8221;][et_pb_column type=&#8221;1_4&#8243; _builder_version=&#8221;4.22.2&#8243; _module_preset=&#8221;default&#8221; global_colors_info=&#8221;{}&#8221;][et_pb_image src=&#8221;https:\/\/knivsberg.dk\/wp-content\/uploads\/2023\/12\/DJN_weiss.png&#8221; title_text=&#8221;DJN_weiss&#8221; _builder_version=&#8221;4.23.1&#8243; _module_preset=&#8221;default&#8221; global_colors_info=&#8221;{}&#8221;][\/et_pb_image][\/et_pb_column][et_pb_column type=&#8221;1_4&#8243; _builder_version=&#8221;4.22.2&#8243; _module_preset=&#8221;default&#8221; global_colors_info=&#8221;{}&#8221;][et_pb_text _builder_version=&#8221;4.23.1&#8243; _module_preset=&#8221;default&#8221; text_text_color=&#8221;#FFFFFF&#8221; global_colors_info=&#8221;{}&#8221;] (+45) 74 69 88 19<br \/>\n info@knivsberg.dk<br \/>\n Haderslevvej 484<br \/>\n6230 R\u00f8dekro[\/et_pb_text][\/et_pb_column][et_pb_column type=&#8221;1_4&#8243; _builder_version=&#8221;4.22.2&#8243; _module_preset=&#8221;default&#8221; global_colors_info=&#8221;{}&#8221;][et_pb_text _builder_version=&#8221;4.23.1&#8243; _module_preset=&#8221;default&#8221; global_colors_info=&#8221;{}&#8221;]<\/p>\n<p><span style=\"color: #ffffff;\"><a href=\"https:\/\/knivsberg.dkcookie-richtlinie-eu\/\" style=\"color: #ffffff;\">Cookie-Richtlinie (EU)<\/a><\/span><br \/><a href=\"https:\/\/knivsberg.dkdatenschutzerklaerung-eu\/\"><span style=\"color: #ffffff;\">Datenschutzerkl\u00e4rung (EU)<\/span><\/a><br \/><a href=\"https:\/\/knivsberg.dkhaftungsausschluss\/\"><span style=\"color: #ffffff;\">Haftungsauschluss<\/span><\/a><br \/><a href=\"https:\/\/knivsberg.dkimpressum\/\"><span style=\"color: #ffffff;\">Impressum<\/span><\/a><\/p>\n<p>[\/et_pb_text][\/et_pb_column][et_pb_column type=&#8221;1_4&#8243; _builder_version=&#8221;4.22.2&#8243; _module_preset=&#8221;default&#8221; global_colors_info=&#8221;{}&#8221;][et_pb_image src=&#8221;https:\/\/knivsberg.dk\/wp-content\/uploads\/2023\/12\/Minderheit_ohne-Bindestrich_RGB.png&#8221; title_text=&#8221;Minderheit_ohne-Bindestrich_RGB&#8221; _builder_version=&#8221;4.23.1&#8243; _module_preset=&#8221;default&#8221; global_colors_info=&#8221;{}&#8221;][\/et_pb_image][\/et_pb_column][\/et_pb_row][\/et_pb_section][et_pb_section fb_built=&#8221;1&#8243; _builder_version=&#8221;4.22.2&#8243; _module_preset=&#8221;default&#8221; background_color=&#8221;#FFFFFF&#8221; custom_margin=&#8221;||-65px|||&#8221; custom_padding=&#8221;0px||0px||true|&#8221; global_colors_info=&#8221;{}&#8221;][et_pb_row _builder_version=&#8221;4.22.2&#8243; _module_preset=&#8221;default&#8221; min_height=&#8221;95.8px&#8221; custom_padding=&#8221;||0px|||&#8221; global_colors_info=&#8221;{}&#8221;][et_pb_column type=&#8221;4_4&#8243; _builder_version=&#8221;4.22.2&#8243; _module_preset=&#8221;default&#8221; global_colors_info=&#8221;{}&#8221;][et_pb_text _builder_version=&#8221;4.24.2&#8243; _module_preset=&#8221;default&#8221; text_text_color=&#8221;#1e55c7&#8243; global_colors_info=&#8221;{}&#8221;]<\/p>\n<p>(c) 2024 &#8211; Bildungsst\u00e4tte Knivsberg. Alle Rechte vorbehalten.<\/p>\n<p>[\/et_pb_text][\/et_pb_column][\/et_pb_row][\/et_pb_section]<\/p>\n","protected":false},"excerpt":{"rendered":"<p>Die Br\u00fcckeBr\u00fccke 2025 F\u00e5 h\u00e6ftet &#8220;Br\u00fccke&#8221; personligt indenfor vores \u00e5bningstider. Her er den digitale version (tysk). (+45) 74 69 88 19 info@knivsberg.dk Haderslevvej 484 6230 R\u00f8dekroCookie-Richtlinie (EU)Datenschutzerkl\u00e4rung (EU)HaftungsauschlussImpressum(c) 2024 &#8211; Bildungsst\u00e4tte Knivsberg. Alle Rechte vorbehalten.<\/p>\n","protected":false},"author":3,"featured_media":0,"parent":0,"menu_order":0,"comment_status":"closed","ping_status":"closed","template":"","meta":{"_et_pb_use_builder":"on","_et_pb_old_content":"","_et_gb_content_width":"","footnotes":""},"class_list":["post-8186","page","type-page","status-publish","hentry"],"_links":{"self":[{"href":"https:\/\/knivsberg.dk\/da\/wp-json\/wp\/v2\/pages\/8186","targetHints":{"allow":["GET"]}}],"collection":[{"href":"https:\/\/knivsberg.dk\/da\/wp-json\/wp\/v2\/pages"}],"about":[{"href":"https:\/\/knivsberg.dk\/da\/wp-json\/wp\/v2\/types\/page"}],"author":[{"embeddable":true,"href":"https:\/\/knivsberg.dk\/da\/wp-json\/wp\/v2\/users\/3"}],"replies":[{"embeddable":true,"href":"https:\/\/knivsberg.dk\/da\/wp-json\/wp\/v2\/comments?post=8186"}],"version-history":[{"count":6,"href":"https:\/\/knivsberg.dk\/da\/wp-json\/wp\/v2\/pages\/8186\/revisions"}],"predecessor-version":[{"id":9100,"href":"https:\/\/knivsberg.dk\/da\/wp-json\/wp\/v2\/pages\/8186\/revisions\/9100"}],"wp:attachment":[{"href":"https:\/\/knivsberg.dk\/da\/wp-json\/wp\/v2\/media?parent=8186"}],"curies":[{"name":"wp","href":"https:\/\/api.w.org\/{rel}","templated":true}]}}