{"id":8048,"date":"2023-12-05T13:00:05","date_gmt":"2023-12-05T12:00:05","guid":{"rendered":"https:\/\/knivsberg.dk\/vores-tilbud\/"},"modified":"2024-10-02T14:31:37","modified_gmt":"2024-10-02T12:31:37","slug":"vores-tilbud","status":"publish","type":"page","link":"https:\/\/knivsberg.dk\/da\/vores-tilbud\/","title":{"rendered":"Vores tilbud"},"content":{"rendered":"<p>[et_pb_section fb_built=&#8221;1&#8243; custom_padding_last_edited=&#8221;on|phone&#8221; admin_label=&#8221;Header&#8221; _builder_version=&#8221;4.24.2&#8243; _module_preset=&#8221;default&#8221; background_image=&#8221;https:\/\/knivsberg.dk\/wp-content\/uploads\/2023\/12\/group-friends-ride-mountain-bike-forest-together-scaled.jpg&#8221; background_position=&#8221;center_right&#8221; custom_padding=&#8221;120px||120px||true|false&#8221; custom_padding_tablet=&#8221;100px||100px||true|false&#8221; custom_padding_phone=&#8221;80px||80px||true|false&#8221; locked=&#8221;off&#8221; global_colors_info=&#8221;{}&#8221;][et_pb_row _builder_version=&#8221;4.23.1&#8243; _module_preset=&#8221;default&#8221; global_colors_info=&#8221;{}&#8221;][et_pb_column type=&#8221;4_4&#8243; _builder_version=&#8221;4.16&#8243; _module_preset=&#8221;default&#8221; global_colors_info=&#8221;{}&#8221;][et_pb_text _builder_version=&#8221;4.24.2&#8243; _module_preset=&#8221;d72c0383-6487-4f2c-ac5c-7d48a6376757&#8243; header_font=&#8221;Playfair Display||||||||&#8221; header_text_color=&#8221;#FFFFFF&#8221; header_font_size=&#8221;75px&#8221; animation_direction=&#8221;top&#8221; header_font_size_tablet=&#8221;10vw&#8221; header_font_size_phone=&#8221;30px&#8221; header_font_size_last_edited=&#8221;on|desktop&#8221; global_colors_info=&#8221;{}&#8221;]<\/p>\n<h1 style=\"text-align: center;\">Vores tilbud<\/h1>\n<p>[\/et_pb_text][\/et_pb_column][\/et_pb_row][\/et_pb_section][et_pb_section fb_built=&#8221;1&#8243; admin_label=&#8221;Feature&#8221; _builder_version=&#8221;4.16&#8243; _module_preset=&#8221;default&#8221; locked=&#8221;off&#8221; global_colors_info=&#8221;{}&#8221;][et_pb_row _builder_version=&#8221;4.23.1&#8243; _module_preset=&#8221;default&#8221; global_colors_info=&#8221;{}&#8221;][et_pb_column type=&#8221;4_4&#8243; _builder_version=&#8221;4.23.1&#8243; _module_preset=&#8221;default&#8221; global_colors_info=&#8221;{}&#8221;][et_pb_text _builder_version=&#8221;4.23.1&#8243; _module_preset=&#8221;default&#8221; global_colors_info=&#8221;{}&#8221;]Tilbring en eller flere dage p\u00e5 Knivsbjerg. Du vil elske det! Vi udarbejder gerne et program ud fra jeres \u00f8nsker. I kan f.eks. klatre i vores klatrepark, spille bold p\u00e5 vores baner eller lave kreative aktiviteter i vores v\u00e6rksteder. Kun fantasien s\u00e6tter gr\u00e6nser.<\/p>\n<p>Dagen kan afsluttes med et grillarrangement. Kontakt os og fort\u00e6l om jeres ideer og \u00f8nsker.[\/et_pb_text][\/et_pb_column][\/et_pb_row][et_pb_row _builder_version=&#8221;4.23.1&#8243; _module_preset=&#8221;default&#8221; global_colors_info=&#8221;{}&#8221;][et_pb_column type=&#8221;4_4&#8243; _builder_version=&#8221;4.23.1&#8243; _module_preset=&#8221;default&#8221; global_colors_info=&#8221;{}&#8221;][et_pb_post_slider _builder_version=&#8221;4.27.2&#8243; _module_preset=&#8221;default&#8221; include_categories=&#8221;49&#8243; show_meta=&#8221;off&#8221; hover_enabled=&#8221;0&#8243; sticky_enabled=&#8221;0&#8243; max_width=&#8221;86%&#8221; module_alignment=&#8221;center&#8221;][\/et_pb_post_slider][\/et_pb_column][\/et_pb_row][\/et_pb_section]<\/p>\n","protected":false},"excerpt":{"rendered":"<p>Vores tilbudTilbring en eller flere dage p\u00e5 Knivsbjerg. Du vil elske det! Vi udarbejder gerne et program ud fra jeres \u00f8nsker. I kan f.eks. klatre i vores klatrepark, spille bold p\u00e5 vores baner eller lave kreative aktiviteter i vores v\u00e6rksteder. Kun fantasien s\u00e6tter gr\u00e6nser. Dagen kan afsluttes med et grillarrangement. Kontakt os og fort\u00e6l om [&hellip;]<\/p>\n","protected":false},"author":3,"featured_media":7809,"parent":0,"menu_order":0,"comment_status":"closed","ping_status":"closed","template":"","meta":{"_et_pb_use_builder":"on","_et_pb_old_content":"","_et_gb_content_width":"","footnotes":""},"class_list":["post-8048","page","type-page","status-publish","has-post-thumbnail","hentry"],"_links":{"self":[{"href":"https:\/\/knivsberg.dk\/da\/wp-json\/wp\/v2\/pages\/8048","targetHints":{"allow":["GET"]}}],"collection":[{"href":"https:\/\/knivsberg.dk\/da\/wp-json\/wp\/v2\/pages"}],"about":[{"href":"https:\/\/knivsberg.dk\/da\/wp-json\/wp\/v2\/types\/page"}],"author":[{"embeddable":true,"href":"https:\/\/knivsberg.dk\/da\/wp-json\/wp\/v2\/users\/3"}],"replies":[{"embeddable":true,"href":"https:\/\/knivsberg.dk\/da\/wp-json\/wp\/v2\/comments?post=8048"}],"version-history":[{"count":5,"href":"https:\/\/knivsberg.dk\/da\/wp-json\/wp\/v2\/pages\/8048\/revisions"}],"predecessor-version":[{"id":8465,"href":"https:\/\/knivsberg.dk\/da\/wp-json\/wp\/v2\/pages\/8048\/revisions\/8465"}],"wp:featuredmedia":[{"embeddable":true,"href":"https:\/\/knivsberg.dk\/da\/wp-json\/wp\/v2\/media\/7809"}],"wp:attachment":[{"href":"https:\/\/knivsberg.dk\/da\/wp-json\/wp\/v2\/media?parent=8048"}],"curies":[{"name":"wp","href":"https:\/\/api.w.org\/{rel}","templated":true}]}}